{"id":93,"date":"2017-02-12T11:04:00","date_gmt":"2017-02-12T10:04:00","guid":{"rendered":"http:\/\/pci48.fr\/naussacfontanes\/?page_id=93"},"modified":"2017-02-12T11:16:25","modified_gmt":"2017-02-12T10:16:25","slug":"bienvenue","status":"publish","type":"page","link":"https:\/\/naussacfontanes.fr\/index.php\/bienvenue\/","title":{"rendered":"Bienvenue"},"content":{"rendered":"<p style=\"text-align:justify;\">La commune de Naussac-Fontanes est n\u00e9e de la fusion au 01 Janvier 2016 de ces deux communes limitrophes bord\u00e9es au Sud-Ouest par le magnifique lac de Naussac et au Nord Est par les profondes gorges de l\u2019Allier. Situ\u00e9e \u00e0 moins d\u2019un kilom\u00e8tre de la nationale 88 (Lyon-Toulouse) et desservie \u00e0 cinq minutes par la ligne SNCF N\u00eemes-Clermont Ferrand en gare de Langogne\u00a0; La commune est d\u2019un acc\u00e8s facile.<\/p>\n<p style=\"text-align:justify;\">Elle comprend tout d\u2019abord les deux villages qui ont donn\u00e9 son nom \u00e0 la commune nouvelle. Naussac \u00e0 son extr\u00e9mit\u00e9 sud (923 m\u00e8tres, 200 habitants) sur les rives du lac et Fontanes au-dessus des gorges de l\u2019Allier\u00a0 (1100 m\u00e8tres et 110 habitants).<\/p>\n<p style=\"text-align:justify;\">Naussac est de construction r\u00e9cente, fin des ann\u00e9es 1970, malgr\u00e9 une longue histoire plus que mill\u00e9naire\u00a0; en effet des villas gallo-romaines furent construites dans cette vall\u00e9e aujourd\u2019hui combl\u00e9e par les eaux du lac, des vestiges laissent croire que l\u2019on y fabriquait aussi des poteries avec les argiles alentours. Toutes les fouilles attestent d\u2019une occupation humaine tr\u00e8s ancienne, mais c\u2019est un pass\u00e9 beaucoup plus r\u00e9cent qui f\u00eet connaitre Naussac \u00e0 la France enti\u00e8re. Un projet de barrage destin\u00e9 \u00e0 r\u00e9gulariser les d\u00e9bits de l\u2019Allier et de la Loire allait voir le jour, nous \u00e9tions dans les ann\u00e9es 1970. Malgr\u00e9 la r\u00e9volte et les manifestations de la population en 1980 la vall\u00e9e, son village et la plupart de ses hameaux \u00e9taient noy\u00e9s. Seuls ne furent pas impact\u00e9s les hameaux de La Valette, Pomeyrols et le Mazel. La riche vall\u00e9e heureuse disparaissait, ne restait que quelques vestiges reconstitu\u00e9s dont le clocher de l\u2019\u00e9glise Sainte Madeleine et le porche que l\u2019on peut voir sur la place du village. Pr\u00e8s du cimeti\u00e8re une belle tour d\u2019\u00e9poque renaissance qui faisait partie d\u2019une demeure appartenant \u00e0 l\u2019Abbaye des CHAMBONS DE BORNE. Dans les rues du village six croix de pierre sculpt\u00e9es furent reconstruites pierre par pierre, elles t\u00e9moignent d\u2019un pass\u00e9 dont peu d\u2019habitants du village se souviennent.<\/p>\n<p style=\"text-align:justify;\">Le village de Fontanes a gard\u00e9 intacte la m\u00e9moire d\u2019un riche pass\u00e9 et le charme ancien des villages Loz\u00e9riens avec ses maisons construites avec le granit gris-bleu de pays. Son joyau est la tr\u00e8s belle \u00e9glise romane qui date dans sa partie primitive du XIII\u00b0 si\u00e8cle. Elle est d\u00e9di\u00e9e \u00e0 Saint Julien. L\u2019\u00e9difice est surmont\u00e9 d\u2019un clocher \u00e0 peigne \u00e0 deux alv\u00e9oles, son portail est remarquable avec ses voussures en plein cintre d\u00e9cor\u00e9es de tores et b\u00e2tons bris\u00e9s. A l\u2019int\u00e9rieur un petit tableau sculpt\u00e9 sur bois qui daterai du XIV\u00b0 si\u00e8cle et un grand christ en bois de pin datant du XVII\u00b0 si\u00e8cle. Ces deux ouvres d\u2019art sont class\u00e9es sur l\u2019inventaire des objets d\u2019art du d\u00e9partement.<\/p>\n<p style=\"text-align:justify;\">A l\u2019entr\u00e9e du village un calvaire remarquable\u00a0; sur un superbe autel de granit taill\u00e9 dans un style roman repose une Pi\u00e9ta en fonte de fer. Partout ailleurs, aux carrefours, dans les hameaux des croix de granit sculpt\u00e9es t\u00e9moignent de la foi des populations\u00a0; s\u2019y joute tout un petit patrimoine, d\u2019abreuvoirs, de fontaines taill\u00e9es dans le dur granit, sans oublier les fours \u00e0 pain joliment restaur\u00e9s.<\/p>\n<p style=\"text-align:justify;\">Il faut voir aussi le village de Sinzelles dont les anciennes fa\u00e7ades \u00a0de pierre b\u00e2ties de granit clair et de basalte bleu-noir forment comme un damier. C\u2019est d\u00fb\u00a0 \u00e0 un mini volcan pr\u00e8s du village dont la lave servit de mat\u00e9riaux de construction.<\/p>\n<p style=\"text-align:justify;\">Le village de Chaussenilles mais aussi de Fontanes sont grav\u00e9s dans la m\u00e9moire cin\u00e9matographique des feuilletons t\u00e9l\u00e9vis\u00e9s de la fin des ann\u00e9es 1960. En effet ils servirent de d\u00e9cor pour des \u00e9pisodes du film \u00ab\u00a0La princesse du rail\u00a0\u00bb qui raconte la construction de la ligne de chemin de fer entre Clermont Ferrand et N\u00eemes dans la seconde moiti\u00e9 du XIX\u00b0 si\u00e8cle\u00a0; une voie ferr\u00e9e qui borde cette commune de Naussac-Fontanes avec une foule d\u2019ouvrages d\u2019art en pierres\u00a0; viaduc, ponts, tunnels, sout\u00e8nements\u00a0; une prouesse\u00a0 humaine r\u00e9alis\u00e9e sans engins m\u00e9canique, dans ces gorges sauvages loin de toutes les routes.<\/p>\n<p style=\"text-align:justify;\">La commune poss\u00e8de aussi de petits hameaux traditionnels. \u00a0Nous trouvons tout d\u2019abord \u00e0 l\u2019extr\u00e9mit\u00e9 ouest, tourn\u00e9s vers le large du lac, bien abrit\u00e9s des vents du nord et b\u00e9n\u00e9ficiant d\u2019un climat favorable\u00a0; Faveyrolles avec les bacs de sa fontaine taill\u00e9s dans le granit, sa belle croix en pierres sculpt\u00e9e, son four \u00e0 pain, c\u2019est un hameau qui est en train de grandir vite, un peu plus loin le mas de Chabanettes ses assisses baignant presque dans le lac.\u00a0 L\u2019\u00e9t\u00e9 il voit filer les voiles blanches dans un paysage maritime avec dans le lointain la montagne Ard\u00e9choise.<\/p>\n<p style=\"text-align:justify;\">Au pied du mur du barrage en bordure de la rivi\u00e8re Allier et de la voie de chemin de fer Clermont-Ferrand-N\u00eemes se trouve le hameau de La Valette. Bien connu par les p\u00eacheurs de truites et d\u2019ombres pour de belles \u00e9motions de p\u00eache. Malheureusement transform\u00e9 par la construction du barrage il a vu disparaitre le ruisseau Donozau, un joyau de la faune aquatique.<\/p>\n<p style=\"text-align:justify;\">Sur le plateau dominant le lac et les gorges de l\u2019Allier reste intact une part de la m\u00e9moire de l\u2019ancienne commune de Naussac\u00a0; ce sont les hameaux du Mazel et de Pomeyrols. Le premier trait d\u2019union entre Naussac et Fontanes \u00e0 une histoire tr\u00e8s ancienne car d\u00e9j\u00e0 en 1637 il appartenait \u00e0 Noble Martin de Colombet de Landos qui \u00e9tait le seigneur en toute justice de ces terres. De superbes chemins sauvages partent de ce lieu vers les cr\u00eates du lac ou les gorges de l\u2019Allier. Le second Pomeyrols \u00e0 ses terres qui s\u2019enfoncent dans la Haute loire en une sorte de presqu\u2019\u00eele d\u00e9limit\u00e9e au Nord et \u00e0 l\u2019Est par l\u2019Allier et plus au Sud par le lac de Naussac. On peut y voir quelques belles maisons anciennes et profiter d\u2019un vaste horizon sur le Velay, un chemin balis\u00e9 y prend naissance, il fait une boucle qui descend et remonte en suivant les gorges de l\u2019Allier.<\/p>\n<p style=\"text-align:justify;\">Remonter la rivi\u00e8re ou la descendre en cano\u00eb, c\u2019est en r\u00eave d\u2019aventure, c\u2019est faire comme les saumons revenus frayer dans leurs eaux natales apr\u00e8s un long voyage depuis le Gro\u00ebland. \u00a0Extraordinaire destin que celui de ce poisson qui figure sur les armoiries de la commune. Il faut voir les eaux vertes en F\u00e9vrier lors de la fonte des neiges alors que les rives se pavoisent du blanc des perces neiges et que retentit le cri du cincle plongeur. Puis viendra Mai et sur les coteaux de Fontanes descendant vers le lac bleu fleurirons les gen\u00eats largatifs\u00a0 au jaune \u00e9blouissant ce sera un songe d\u2019Irlande. Puis l\u2019\u00e9t\u00e9 venu il y aura la danse des bateaux blancs dans le clapotis de l\u2019eau pure au pied du village de Naussac et il y aura sur le grand lac comme un souffle venu du large avec tout l\u00e0-haut vers l\u2019ouest cette bande de rochers d\u2019argiles rouges qui peuvent facilement \u00e9voquer les Iles Sanguinaires ou quelques pas sur la plan\u00e8te Mars\u00a0!! Quand viendra l\u2019automne et que soufflera le vent du Nord sur les cr\u00eates et les landes de bruy\u00e8re callunes et qu\u2019il mordra les vieux granites \u00e0 dent de cheval, il y aura dans l\u2019air comme un go\u00fbt amer de gentiane jaune et ce vent en s\u2019\u00e9corchant au roc produira comme le son aigre d\u2019une cornemuse, un petit air d\u2019Ecosse surgira en ces hautes terres.<\/p>\n<p style=\"text-align:justify;\">Le promeneur depuis la croix de Pierre Blanche \u00a0(1075 M\u00e8tres) point culminant de la commune scrutera l\u2019horizon sur 360 degr\u00e9s\u00a0; Par temps clair il verra au sud le massif de Mercoire ou d\u00e9buta la terrible \u00a0histoire de la b\u00eate du G\u00e9vaudan\u00a0; au sud-est les C\u00e9vennes et leurs dramatiques guerres de religion, \u00e0 l\u2019ouest la Margeride avec ses vestiges \u00a0de la guerre de Cents ans et leur ch\u00e2teaux ruin\u00e9s ou Bertrand Duguesclin laissa la vie\u00a0; Au Nord la terre de feu du Velay ou des dizaines de volcans sortant du sol d\u2019une terre\u00a0 de cendre noire et de saign\u00e9es de Pouzzolane rouges\u00a0; berceau de la lentille verte, riches terres agricoles qui contrastent avec la sauvage terre Loz\u00e9rienne h\u00e9riss\u00e9e de for\u00eats sombres.<\/p>\n<p style=\"text-align:justify;\">Ici les r\u00eaves sont libres, des quatre coins de l\u2019horizon arrive un air pur et vivifiant, la lumi\u00e8re vive dans un ciel \u00e9pur\u00e9 fait bleuir les for\u00eats, les montagnes et le lac. C\u2019est au pays des sources un petit coin de paradis.<\/p>\n","protected":false},"excerpt":{"rendered":"<p>La commune de Naussac-Fontanes est n\u00e9e de la fusion au 01 Janvier 2016 de ces deux communes limitrophes bord\u00e9es au Sud-Ouest par le magnifique lac de Naussac et au Nord Est par les profondes gorges de l\u2019Allier. Situ\u00e9e \u00e0 moins d\u2019un kilom\u00e8tre de la nationale 88 (Lyon-Toulouse) et desservie \u00e0 cinq minutes par la ligne [&hellip;]<\/p>\n","protected":false},"author":1,"featured_media":0,"parent":0,"menu_order":0,"comment_status":"closed","ping_status":"closed","template":"","meta":{"footnotes":""},"_links":{"self":[{"href":"https:\/\/naussacfontanes.fr\/index.php\/wp-json\/wp\/v2\/pages\/93"}],"collection":[{"href":"https:\/\/naussacfontanes.fr\/index.php\/wp-json\/wp\/v2\/pages"}],"about":[{"href":"https:\/\/naussacfontanes.fr\/index.php\/wp-json\/wp\/v2\/types\/page"}],"author":[{"embeddable":true,"href":"https:\/\/naussacfontanes.fr\/index.php\/wp-json\/wp\/v2\/users\/1"}],"replies":[{"embeddable":true,"href":"https:\/\/naussacfontanes.fr\/index.php\/wp-json\/wp\/v2\/comments?post=93"}],"version-history":[{"count":7,"href":"https:\/\/naussacfontanes.fr\/index.php\/wp-json\/wp\/v2\/pages\/93\/revisions"}],"predecessor-version":[{"id":101,"href":"https:\/\/naussacfontanes.fr\/index.php\/wp-json\/wp\/v2\/pages\/93\/revisions\/101"}],"wp:attachment":[{"href":"https:\/\/naussacfontanes.fr\/index.php\/wp-json\/wp\/v2\/media?parent=93"}],"curies":[{"name":"wp","href":"https:\/\/api.w.org\/{rel}","templated":true}]}}