{"id":7,"date":"2017-01-04T09:42:08","date_gmt":"2017-01-04T08:42:08","guid":{"rendered":"http:\/\/localhost:8080\/naussacfontanes\/?page_id=7"},"modified":"2017-04-26T22:36:33","modified_gmt":"2017-04-26T20:36:33","slug":"accueil","status":"publish","type":"page","link":"https:\/\/naussacfontanes.fr\/","title":{"rendered":"Accueil"},"content":{"rendered":"<div style=\"width: 100%; text-align: center;\"><img loading=\"lazy\" decoding=\"async\" class=\"size-medium wp-image-319 aligncenter\" src=\"http:\/\/naussacfontanes.fr\/wp-content\/uploads\/2017\/01\/BlasonNaussacFontanes-300x277.png\" alt=\"\" width=\"300\" height=\"277\" srcset=\"https:\/\/naussacfontanes.fr\/wp-content\/uploads\/2017\/01\/BlasonNaussacFontanes-300x277.png 300w, https:\/\/naussacfontanes.fr\/wp-content\/uploads\/2017\/01\/BlasonNaussacFontanes.png 573w\" sizes=\"(max-width: 300px) 100vw, 300px\" \/><\/div>\n<p>Bienvenue \u00e0 Naussac-Fontanes au bord de son grand lac, \u00e0 la d\u00e9couverte de ses hameaux et paysages typiques naturellement pr\u00e9serv\u00e9s.<\/p>\n<p>&nbsp;<\/p>\n<p><a href=\"http:\/\/naussacfontanes.fr\/wp-content\/uploads\/2017\/04\/photoaccueil.jpg\"><img loading=\"lazy\" decoding=\"async\" class=\"aligncenter size-large wp-image-380\" src=\"http:\/\/naussacfontanes.fr\/wp-content\/uploads\/2017\/04\/photoaccueil-1024x680.jpg\" alt=\"\" width=\"720\" height=\"478\" srcset=\"https:\/\/naussacfontanes.fr\/wp-content\/uploads\/2017\/04\/photoaccueil-1024x680.jpg 1024w, https:\/\/naussacfontanes.fr\/wp-content\/uploads\/2017\/04\/photoaccueil-300x199.jpg 300w, https:\/\/naussacfontanes.fr\/wp-content\/uploads\/2017\/04\/photoaccueil-768x510.jpg 768w\" sizes=\"(max-width: 720px) 100vw, 720px\" \/><\/a><\/p>\n","protected":false},"excerpt":{"rendered":"<p>Bienvenue \u00e0 Naussac-Fontanes au bord de son grand lac, \u00e0 la d\u00e9couverte de ses hameaux et paysages typiques naturellement pr\u00e9serv\u00e9s. &nbsp;<\/p>\n","protected":false},"author":1,"featured_media":0,"parent":0,"menu_order":0,"comment_status":"closed","ping_status":"closed","template":"","meta":{"footnotes":""},"_links":{"self":[{"href":"https:\/\/naussacfontanes.fr\/index.php\/wp-json\/wp\/v2\/pages\/7"}],"collection":[{"href":"https:\/\/naussacfontanes.fr\/index.php\/wp-json\/wp\/v2\/pages"}],"about":[{"href":"https:\/\/naussacfontanes.fr\/index.php\/wp-json\/wp\/v2\/types\/page"}],"author":[{"embeddable":true,"href":"https:\/\/naussacfontanes.fr\/index.php\/wp-json\/wp\/v2\/users\/1"}],"replies":[{"embeddable":true,"href":"https:\/\/naussacfontanes.fr\/index.php\/wp-json\/wp\/v2\/comments?post=7"}],"version-history":[{"count":11,"href":"https:\/\/naussacfontanes.fr\/index.php\/wp-json\/wp\/v2\/pages\/7\/revisions"}],"predecessor-version":[{"id":383,"href":"https:\/\/naussacfontanes.fr\/index.php\/wp-json\/wp\/v2\/pages\/7\/revisions\/383"}],"wp:attachment":[{"href":"https:\/\/naussacfontanes.fr\/index.php\/wp-json\/wp\/v2\/media?parent=7"}],"curies":[{"name":"wp","href":"https:\/\/api.w.org\/{rel}","templated":true}]}}