{"id":284,"date":"2017-02-15T10:18:00","date_gmt":"2017-02-15T09:18:00","guid":{"rendered":"http:\/\/pci48.fr\/naussacfontanes\/?page_id=284"},"modified":"2017-04-26T15:47:55","modified_gmt":"2017-04-26T13:47:55","slug":"historique-des-maires","status":"publish","type":"page","link":"https:\/\/naussacfontanes.fr\/index.php\/historique-des-maires\/","title":{"rendered":"Historique des maires"},"content":{"rendered":"<p>HISTORIQUE DES MAIRES DE NAUSSAC-FONTANES<\/p>\n<p>&nbsp;<\/p>\n<table width=\"101%\">\n<tbody>\n<tr>\n<td style=\"text-align: center;\" colspan=\"2\" width=\"27%\" style=\"color:blue;\"><strong>NAUSSAC<\/strong><\/td>\n<td style=\"text-align: center;\" colspan=\"2\" width=\"19%\" style=\"color:blue;\"><strong>FONTANES<\/strong><\/td>\n<\/tr>\n<tr>\n<td width=\"27%\" style=\"color:blue;\"><strong>MR BOUCHET Claude <\/strong><\/td>\n<td width=\"19%\" style=\"color:orange;\"><strong>1812-1813<\/strong><\/td>\n<td width=\"24%\" style=\"color:blue;\"><strong>Mr CHAUCHON<\/strong><\/td>\n<td width=\"26%\" style=\"color:orange;\"><strong>1855 \u00e0 1876<\/strong><\/td>\n<\/tr>\n<tr>\n<td width=\"27%\" style=\"color:blue;\"><strong>QUINSAUT DES PRADELS A*<\/strong><\/td>\n<td width=\"19%\" style=\"color:orange;\"><strong>1813-1815<\/strong><\/td>\n<td width=\"24%\" style=\"color:blue;\"><strong>Mr LAHONDES<\/strong><\/td>\n<td width=\"26%\" style=\"color:orange;\"><strong>1876 \u00e0 1884<\/strong><\/td>\n<\/tr>\n<tr>\n<td width=\"27%\" style=\"color:blue;\"><strong>Mr BENOIT Joseph<\/strong><\/td>\n<td width=\"19%\" style=\"color:orange;\"><strong>1815 \u00e0 1833<\/strong><\/td>\n<td width=\"24%\" style=\"color:blue;\"><strong>Mr CHARRIERE Pierre <\/strong><\/td>\n<td width=\"26%\" style=\"color:orange;\"><strong>1884 \u00e0 1904<\/strong><\/td>\n<\/tr>\n<tr>\n<td width=\"27%\" style=\"color:blue;\"><strong>Mr VIALA Victor<\/strong><\/td>\n<td width=\"19%\" style=\"color:orange;\"><strong>1833 \u00e0 1841<\/strong><\/td>\n<td width=\"24%\" style=\"color:blue;\"><strong>Mr HUGON Louis <\/strong><\/td>\n<td width=\"26%\" style=\"color:orange;\"><strong>1904 \u00e0 1929<\/strong><\/td>\n<\/tr>\n<tr>\n<td width=\"27%\" style=\"color:blue;\"><strong>Mr HILAIRE Antoine<\/strong><\/td>\n<td width=\"19%\" style=\"color:orange;\"><strong>1841 \u00e0 1848<\/strong><\/td>\n<td width=\"24%\" style=\"color:blue;\"><strong>Mr BERNARD  Philippe <\/strong><\/td>\n<td width=\"26%\" style=\"color:orange;\"><strong>1929 \u00e0 1935<\/strong><\/td>\n<\/tr>\n<tr>\n<td width=\"27%\" style=\"color:blue;\"><strong>Mr GONY Joseph<\/strong><\/td>\n<td width=\"19%\" style=\"color:orange;\"><strong>1848 \u00e0 1855<\/strong><\/td>\n<td width=\"24%\" style=\"color:blue;\"><strong>Mr BARRADON Maurice <\/strong><\/td>\n<td width=\"26%\" style=\"color:orange;\"><strong>1935 \u00e0 1959<\/strong><\/td>\n<\/tr>\n<tr>\n<td width=\"27%\" style=\"color:blue;\"><strong>Mr VIALA Hyacinthe<\/strong><\/td>\n<td width=\"19%\" style=\"color:orange;\"><strong>1855 \u00e0 1857<\/strong><\/td>\n<td width=\"24%\" style=\"color:blue;\"><strong>Mr HUGON Pierre <\/strong><\/td>\n<td width=\"26%\" style=\"color:orange;\"><strong>1959 \u00e0 1976<\/strong><\/td>\n<\/tr>\n<tr>\n<td width=\"27%\" style=\"color:blue;\"><strong>Mr GONY Joseph<\/strong><\/td>\n<td width=\"19%\" style=\"color:orange;\"><strong>1857 \u00e0 1870<\/strong><\/td>\n<td width=\"24%\" style=\"color:blue;\"><strong>Mr HUGON Louis <\/strong><\/td>\n<td width=\"26%\" style=\"color:orange;\"><strong>1976 \u00e0 2008<\/strong><\/td>\n<\/tr>\n<tr>\n<td width=\"27%\" style=\"color:blue;\"><strong>Mr VIALA Hyacinthe<\/strong><\/td>\n<td width=\"19%\" style=\"color:orange;\"><strong>1870 \u00e0 1878<\/strong><\/td>\n<td width=\"24%\" style=\"color:blue;\"><strong>Mr BRUN Jean-Louis <\/strong><\/td>\n<td width=\"26%\" style=\"color:orange;\"><strong>2008 \u00e0 2016<\/strong><\/td>\n<\/tr>\n<tr>\n<td width=\"27%\" style=\"color:blue;\"><strong>Mr BENOIT Joseph<\/strong><\/td>\n<td width=\"19%\" style=\"color:orange;\"><strong>1878 \u00e0 1881<\/strong><\/td>\n<td width=\"24%\" style=\"color:blue;\"><strong> <\/strong><\/td>\n<td width=\"26%\" style=\"color:orange;\"><strong> <\/strong><\/td>\n<\/tr>\n<tr>\n<td width=\"27%\" style=\"color:blue;\"><strong>Mr VIALA Victor<\/strong><\/td>\n<td width=\"19%\" style=\"color:orange;\"><strong>1881 \u00e0 1884<\/strong><\/td>\n<td width=\"24%\" style=\"color:blue;\"><strong> <\/strong><\/td>\n<td width=\"26%\" style=\"color:orange;\"><strong> <\/strong><\/td>\n<\/tr>\n<tr>\n<td width=\"27%\" style=\"color:blue;\"><strong>Mr VIALA Jean-Louis Anselme<\/strong><\/td>\n<td width=\"19%\" style=\"color:orange;\"><strong>1884 \u00e0 1899<\/strong><\/td>\n<td width=\"24%\" style=\"color:blue;\"><strong> <\/strong><\/td>\n<td width=\"26%\" style=\"color:orange;\"><strong> <\/strong><\/td>\n<\/tr>\n<tr>\n<td width=\"27%\" style=\"color:blue;\"><strong>Mr BENOIT Auguste<\/strong><\/td>\n<td width=\"19%\" style=\"color:orange;\"><strong>1899 \u00e0 1903<\/strong><\/td>\n<td width=\"24%\" style=\"color:blue;\"><strong> <\/strong><\/td>\n<td width=\"26%\" style=\"color:orange;\"><strong> <\/strong><\/td>\n<\/tr>\n<tr>\n<td width=\"27%\" style=\"color:blue;\"><strong>Mr GONY Antoine<\/strong><\/td>\n<td width=\"19%\" style=\"color:orange;\"><strong>1903 \u00e0 1903<\/strong><\/td>\n<td width=\"24%\" style=\"color:blue;\"><strong> <\/strong><\/td>\n<td width=\"26%\" style=\"color:orange;\"><strong> <\/strong><\/td>\n<\/tr>\n<tr>\n<td width=\"27%\" style=\"color:blue;\"><strong>Mr VIALA Anselme<\/strong><\/td>\n<td width=\"19%\" style=\"color:orange;\"><strong>1903 \u00e0 1903<\/strong><\/td>\n<td width=\"24%\" style=\"color:blue;\"><strong> <\/strong><\/td>\n<td width=\"26%\" style=\"color:orange;\"><strong> <\/strong><\/td>\n<\/tr>\n<tr>\n<td width=\"27%\" style=\"color:blue;\"><strong>Mr BOUET Jean-Baptiste<\/strong><\/td>\n<td width=\"19%\" style=\"color:orange;\"><strong>1903 \u00e0 1904<\/strong><\/td>\n<td width=\"24%\" style=\"color:blue;\"><strong> <\/strong><\/td>\n<td width=\"26%\" style=\"color:orange;\"><strong> <\/strong><\/td>\n<\/tr>\n<tr>\n<td width=\"27%\" style=\"color:blue;\"><strong>Mr GONY Antoine<\/strong><\/td>\n<td width=\"19%\" style=\"color:orange;\"><strong>1904 \u00e0 1905<\/strong><\/td>\n<td width=\"24%\" style=\"color:blue;\"><strong> <\/strong><\/td>\n<td width=\"26%\" style=\"color:orange;\"><strong> <\/strong><\/td>\n<\/tr>\n<tr>\n<td width=\"27%\" style=\"color:blue;\"><strong>Mr BENOIT Basile<\/strong><\/td>\n<td width=\"19%\" style=\"color:orange;\"><strong>1905 \u00e0 1908<\/strong><\/td>\n<td width=\"24%\" style=\"color:blue;\"><strong> <\/strong><\/td>\n<td width=\"26%\" style=\"color:orange;\"><strong> <\/strong><\/td>\n<\/tr>\n<tr>\n<td width=\"27%\" style=\"color:blue;\"><strong>Mr VIALA Cyprien<\/strong><\/td>\n<td width=\"19%\" style=\"color:orange;\"><strong>1908 \u00e0 1915<\/strong><\/td>\n<td width=\"24%\" style=\"color:blue;\"><strong> <\/strong><\/td>\n<td width=\"26%\" style=\"color:orange;\"><strong> <\/strong><\/td>\n<\/tr>\n<tr>\n<td width=\"27%\" style=\"color:blue;\"><strong>Mr QUEYRON Jean-Baptiste<\/strong><\/td>\n<td width=\"19%\" style=\"color:orange;\"><strong>1915 \u00e0 1919<\/strong><\/td>\n<td width=\"24%\" style=\"color:blue;\"><strong> <\/strong><\/td>\n<td width=\"26%\" style=\"color:orange;\"><strong> <\/strong><\/td>\n<\/tr>\n<tr>\n<td width=\"27%\" style=\"color:blue;\"><strong>Mr GELY Jean-Baptiste<\/strong><\/td>\n<td width=\"19%\" style=\"color:orange;\"><strong>1919 \u00e0 1919<\/strong><\/td>\n<td width=\"24%\" style=\"color:blue;\"><strong> <\/strong><\/td>\n<td width=\"26%\" style=\"color:orange;\"><strong> <\/strong><\/td>\n<\/tr>\n<tr>\n<td width=\"27%\" style=\"color:blue;\"><strong>Mr VIALA Anselme<\/strong><\/td>\n<td width=\"19%\" style=\"color:orange;\"><strong>1919 \u00e0 1927<\/strong><\/td>\n<td width=\"24%\" style=\"color:blue;\"><strong> <\/strong><\/td>\n<td width=\"26%\" style=\"color:orange;\"><strong> <\/strong><\/td>\n<\/tr>\n<tr>\n<td width=\"27%\" style=\"color:blue;\"><strong>Mr GUIGON Adolphe<\/strong><\/td>\n<td width=\"19%\" style=\"color:orange;\"><strong>1927 \u00e0 1932<\/strong><\/td>\n<td width=\"24%\" style=\"color:blue;\"><strong> <\/strong><\/td>\n<td width=\"26%\" style=\"color:orange;\"><strong> <\/strong><\/td>\n<\/tr>\n<tr>\n<td width=\"27%\" style=\"color:blue;\"><strong>Mr LUTAUD Maurice<\/strong><\/td>\n<td width=\"19%\" style=\"color:orange;\"><strong>1932 \u00e0 1935<\/strong><\/td>\n<td width=\"24%\" style=\"color:blue;\"><strong> <\/strong><\/td>\n<td width=\"26%\" style=\"color:orange;\"><strong> <\/strong><\/td>\n<\/tr>\n<tr>\n<td width=\"27%\" style=\"color:blue;\"><strong>Mr VIALA Anselme<\/strong><\/td>\n<td width=\"19%\" style=\"color:orange;\"><strong>1935 \u00e0 1937<\/strong><\/td>\n<td width=\"24%\" style=\"color:blue;\"><strong> <\/strong><\/td>\n<td width=\"26%\" style=\"color:orange;\"><strong> <\/strong><\/td>\n<\/tr>\n<tr>\n<td width=\"27%\" style=\"color:blue;\"><strong>Mr VALENTIN Marius<\/strong><\/td>\n<td width=\"19%\" style=\"color:orange;\"><strong>1937 \u00e0 1944<\/strong><\/td>\n<td width=\"24%\" style=\"color:blue;\"><strong> <\/strong><\/td>\n<td width=\"26%\" style=\"color:orange;\"><strong> <\/strong><\/td>\n<\/tr>\n<tr>\n<td width=\"27%\" style=\"color:blue;\"><strong>Mr VIALA Alexandre<\/strong><\/td>\n<td width=\"19%\" style=\"color:orange;\"><strong>1944 \u00e0 1945<\/strong><\/td>\n<td width=\"24%\" style=\"color:blue;\"><strong> <\/strong><\/td>\n<td width=\"26%\" style=\"color:orange;\"><strong> <\/strong><\/td>\n<\/tr>\n<tr>\n<td width=\"27%\" style=\"color:blue;\"><strong>Mr HEBRARD Joseph<\/strong><\/td>\n<td width=\"19%\" style=\"color:orange;\"><strong>1945 \u00e0 1947<\/strong><\/td>\n<td width=\"24%\" style=\"color:blue;\"><strong> <\/strong><\/td>\n<td width=\"26%\" style=\"color:orange;\"><strong> <\/strong><\/td>\n<\/tr>\n<tr>\n<td width=\"27%\" style=\"color:blue;\"><strong>Mr VIALA Odilon<\/strong><\/td>\n<td width=\"19%\" style=\"color:orange;\"><strong>1947 \u00e0 1977<\/strong><\/td>\n<td width=\"24%\" style=\"color:blue;\"><strong> <\/strong><\/td>\n<td width=\"26%\" style=\"color:orange;\"><strong> <\/strong><\/td>\n<\/tr>\n<tr>\n<td width=\"27%\" style=\"color:blue;\"><strong>Mr MARTIN Bernard<\/strong><\/td>\n<td width=\"19%\" style=\"color:orange;\"><strong>1977 \u00e0 1982<\/strong><\/td>\n<td width=\"24%\" style=\"color:blue;\"><strong> <\/strong><\/td>\n<td width=\"26%\" style=\"color:orange;\"><strong> <\/strong><\/td>\n<\/tr>\n<tr>\n<td width=\"27%\" style=\"color:blue;\"><strong>Mr GAVARRY Christian<\/strong><\/td>\n<td width=\"19%\" style=\"color:orange;\"><strong>1982 \u00e0 2001<\/strong><\/td>\n<td width=\"24%\" style=\"color:blue;\"><strong> <\/strong><\/td>\n<td width=\"26%\" style=\"color:orange;\"><strong> <\/strong><\/td>\n<\/tr>\n<tr>\n<td width=\"27%\" style=\"color:blue;\"><strong>Mr GAILLARD Alain<\/strong><\/td>\n<td width=\"19%\" style=\"color:orange;\"><strong>2001 \u00e0 2016<\/strong><\/td>\n<td width=\"24%\" style=\"color:blue;\"><strong> <\/strong><\/td>\n<td width=\"26%\" style=\"color:orange;\"><strong> <\/strong><\/td>\n<\/tr>\n<\/tbody>\n<\/table>\n<table width=\"101%\">\n<tbody>\n<tr>\n<td style=\"text-align: center;\" colspan=\"2\" width=\"27%\" style=\"color:blue;\"><strong>NAUSSAC-FONTANES<\/strong><\/td>\n<\/tr>\n<tr>\n<td width=\"50%\" style=\"color:blue;\"><strong>Mr BRUN Jean-Louis<\/strong><\/td>\n<td width=\"50%\" style=\"color:orange;\"><strong>2016 \u00e0 &#8230;<\/strong><\/td>\n<\/tr>\n<\/tbody>\n<\/table>\n","protected":false},"excerpt":{"rendered":"<p>HISTORIQUE DES MAIRES DE NAUSSAC-FONTANES &nbsp; NAUSSAC FONTANES MR BOUCHET Claude 1812-1813 Mr CHAUCHON 1855 \u00e0 1876 QUINSAUT DES PRADELS A* 1813-1815 Mr LAHONDES 1876 \u00e0 1884 Mr BENOIT Joseph 1815 \u00e0 1833 Mr CHARRIERE Pierre 1884 \u00e0 1904 Mr VIALA Victor 1833 \u00e0 1841 Mr HUGON Louis 1904 \u00e0 1929 Mr HILAIRE Antoine 1841 [&hellip;]<\/p>\n","protected":false},"author":1,"featured_media":0,"parent":0,"menu_order":0,"comment_status":"closed","ping_status":"closed","template":"","meta":{"footnotes":""},"_links":{"self":[{"href":"https:\/\/naussacfontanes.fr\/index.php\/wp-json\/wp\/v2\/pages\/284"}],"collection":[{"href":"https:\/\/naussacfontanes.fr\/index.php\/wp-json\/wp\/v2\/pages"}],"about":[{"href":"https:\/\/naussacfontanes.fr\/index.php\/wp-json\/wp\/v2\/types\/page"}],"author":[{"embeddable":true,"href":"https:\/\/naussacfontanes.fr\/index.php\/wp-json\/wp\/v2\/users\/1"}],"replies":[{"embeddable":true,"href":"https:\/\/naussacfontanes.fr\/index.php\/wp-json\/wp\/v2\/comments?post=284"}],"version-history":[{"count":12,"href":"https:\/\/naussacfontanes.fr\/index.php\/wp-json\/wp\/v2\/pages\/284\/revisions"}],"predecessor-version":[{"id":376,"href":"https:\/\/naussacfontanes.fr\/index.php\/wp-json\/wp\/v2\/pages\/284\/revisions\/376"}],"wp:attachment":[{"href":"https:\/\/naussacfontanes.fr\/index.php\/wp-json\/wp\/v2\/media?parent=284"}],"curies":[{"name":"wp","href":"https:\/\/api.w.org\/{rel}","templated":true}]}}