{"id":63,"date":"2017-02-08T09:45:07","date_gmt":"2017-02-08T08:45:07","guid":{"rendered":"http:\/\/localhost:8080\/naussacfontanes\/?page_id=63"},"modified":"2021-01-25T15:28:27","modified_gmt":"2021-01-25T14:28:27","slug":"lequipe-municipale","status":"publish","type":"page","link":"http:\/\/naussacfontanes.fr\/index.php\/lequipe-municipale\/","title":{"rendered":"L&rsquo;\u00e9quipe municipale"},"content":{"rendered":"<p>&nbsp;<\/p>\n<p style=\"padding-left: 120px;\"><strong>Maire: <\/strong><span style=\"color: #800080;\">Mr BRUN Jean-Louis<\/span><\/p>\n<p><strong>Premier adjoint et Maire D\u00e9l\u00e9gu\u00e9 de Naussac: <\/strong><span style=\"color: #800080;\">Mr GAILLARD Alain<\/span><\/p>\n<p><strong>Deuxi\u00e8me adjoint:\u00a0<\/strong>Mr AJASSE Jean-Fran\u00e7ois<\/p>\n<p><strong>Troisi\u00e8me adjoint:\u00a0<\/strong>Mr LAIR Didier<\/p>\n<p><strong>Conseill\u00e8res et Conseillers Municipaux: <\/strong><span style=\"color: #800080;\">Mme ARNAUD-PLAGNES St\u00e9phanie, Mme LAROCHE Isabelle, Mme MARTIN S\u00e9verine, Mme PAULHAC C\u00e9cile, Mme SANCHEZ \u00c9velyne, Mme SURREL Laurence, MR BACON Daniel, Mr CHAMBON Killian, Mr CHATEAUNEUF Patrice, Mr LEPORI Gilles, <\/span><span style=\"color: #800080;\"> Mr PASCAL Laurent<a href=\"http:\/\/naussacfontanes.fr\/wp-content\/uploads\/2020\/11\/Conseil-municipal-2020-1-scaled.jpg\"><img loading=\"lazy\" decoding=\"async\" class=\"aligncenter size-large wp-image-1556\" src=\"http:\/\/naussacfontanes.fr\/wp-content\/uploads\/2020\/11\/Conseil-municipal-2020-1-1024x768.jpg\" alt=\"\" width=\"720\" height=\"540\" srcset=\"http:\/\/naussacfontanes.fr\/wp-content\/uploads\/2020\/11\/Conseil-municipal-2020-1-1024x768.jpg 1024w, http:\/\/naussacfontanes.fr\/wp-content\/uploads\/2020\/11\/Conseil-municipal-2020-1-300x225.jpg 300w, http:\/\/naussacfontanes.fr\/wp-content\/uploads\/2020\/11\/Conseil-municipal-2020-1-768x576.jpg 768w, http:\/\/naussacfontanes.fr\/wp-content\/uploads\/2020\/11\/Conseil-municipal-2020-1-1536x1152.jpg 1536w, http:\/\/naussacfontanes.fr\/wp-content\/uploads\/2020\/11\/Conseil-municipal-2020-1-2048x1536.jpg 2048w\" sizes=\"(max-width: 720px) 100vw, 720px\" \/><\/a>.<\/span><\/p>\n<table style=\"height: 34px;\" width=\"420\">\n<tbody>\n<tr>\n<td width=\"99\"><\/td>\n<td width=\"147\"><\/td>\n<td width=\"255\"><\/td>\n<\/tr>\n<\/tbody>\n<\/table>\n<table style=\"height: 851px;\" width=\"446\">\n<tbody>\n<tr>\n<td width=\"99\"><\/td>\n<td width=\"147\"><\/td>\n<td width=\"255\"><\/td>\n<td width=\"198\"><\/td>\n<td width=\"151\"><\/td>\n<td width=\"189\"><\/td>\n<\/tr>\n<tr>\n<td width=\"99\"><\/td>\n<td width=\"147\"><\/td>\n<td width=\"255\"><\/td>\n<td width=\"198\"><\/td>\n<td width=\"151\"><\/td>\n<td width=\"189\"><\/td>\n<\/tr>\n<tr>\n<td width=\"99\"><\/td>\n<td width=\"147\"><\/td>\n<td width=\"255\"><\/td>\n<td width=\"198\"><\/td>\n<td width=\"151\"><\/td>\n<td width=\"189\"><\/td>\n<\/tr>\n<tr>\n<td width=\"99\"><\/td>\n<td width=\"147\"><\/td>\n<td width=\"255\"><\/td>\n<td width=\"198\"><\/td>\n<td width=\"151\"><\/td>\n<td width=\"189\"><\/td>\n<\/tr>\n<tr>\n<td width=\"99\"><\/td>\n<td width=\"147\"><\/td>\n<td width=\"255\"><\/td>\n<td width=\"198\"><\/td>\n<td width=\"151\"><\/td>\n<td width=\"189\"><\/td>\n<\/tr>\n<tr>\n<td width=\"99\"><\/td>\n<td width=\"147\"><\/td>\n<td width=\"255\"><\/td>\n<td width=\"198\"><\/td>\n<td width=\"151\"><\/td>\n<td width=\"189\"><\/td>\n<\/tr>\n<tr>\n<td width=\"99\"><\/td>\n<td width=\"147\"><\/td>\n<td width=\"255\"><\/td>\n<td width=\"198\"><\/td>\n<td width=\"151\"><\/td>\n<td width=\"189\"><\/td>\n<\/tr>\n<tr>\n<td width=\"99\"><\/td>\n<td width=\"147\"><\/td>\n<td width=\"255\"><\/td>\n<td width=\"198\"><\/td>\n<td width=\"151\"><\/td>\n<td width=\"189\"><\/td>\n<\/tr>\n<tr>\n<td width=\"99\"><\/td>\n<td width=\"147\"><\/td>\n<td width=\"255\"><\/td>\n<td width=\"198\"><\/td>\n<td width=\"151\"><\/td>\n<td width=\"189\"><\/td>\n<\/tr>\n<tr>\n<td width=\"99\"><\/td>\n<td width=\"147\"><\/td>\n<td width=\"255\"><\/td>\n<td width=\"198\"><\/td>\n<td width=\"151\"><\/td>\n<td width=\"189\"><\/td>\n<\/tr>\n<tr>\n<td width=\"99\"><\/td>\n<td width=\"147\"><\/td>\n<td width=\"255\"><\/td>\n<td width=\"198\"><\/td>\n<td width=\"151\"><\/td>\n<td width=\"189\"><\/td>\n<\/tr>\n<tr>\n<td width=\"99\"><\/td>\n<td width=\"147\"><\/td>\n<td width=\"255\"><\/td>\n<td width=\"198\"><\/td>\n<td width=\"151\"><\/td>\n<td width=\"189\"><\/td>\n<\/tr>\n<tr>\n<td width=\"99\"><\/td>\n<td width=\"147\"><\/td>\n<td width=\"255\"><\/td>\n<td width=\"198\"><\/td>\n<td width=\"151\"><\/td>\n<td width=\"189\"><\/td>\n<\/tr>\n<tr>\n<td width=\"99\"><\/td>\n<td width=\"147\"><\/td>\n<td width=\"255\"><\/td>\n<td width=\"198\"><\/td>\n<td width=\"151\"><\/td>\n<td width=\"189\"><\/td>\n<\/tr>\n<tr>\n<td width=\"99\"><\/td>\n<td width=\"147\"><\/td>\n<td width=\"255\"><\/td>\n<td width=\"198\"><\/td>\n<td width=\"151\"><\/td>\n<td width=\"189\"><\/td>\n<\/tr>\n<tr>\n<td width=\"99\"><\/td>\n<td width=\"147\"><\/td>\n<td width=\"255\"><\/td>\n<td width=\"198\"><\/td>\n<td width=\"151\"><\/td>\n<td width=\"189\"><\/td>\n<\/tr>\n<tr>\n<td width=\"99\"><\/td>\n<td width=\"147\"><\/td>\n<td width=\"255\"><\/td>\n<td width=\"198\"><\/td>\n<td width=\"151\"><\/td>\n<td width=\"189\"><\/td>\n<\/tr>\n<tr>\n<td width=\"99\"><\/td>\n<td width=\"147\"><\/td>\n<td width=\"255\"><\/td>\n<td width=\"198\"><\/td>\n<td width=\"151\"><\/td>\n<td width=\"189\"><\/td>\n<\/tr>\n<tr>\n<td width=\"99\"><\/td>\n<td width=\"147\"><\/td>\n<td width=\"255\"><\/td>\n<td width=\"198\"><\/td>\n<td width=\"151\"><\/td>\n<td width=\"189\"><\/td>\n<\/tr>\n<tr>\n<td width=\"99\"><\/td>\n<td width=\"147\"><\/td>\n<td width=\"255\"><\/td>\n<td width=\"198\"><\/td>\n<td width=\"151\"><\/td>\n<td width=\"189\"><\/td>\n<\/tr>\n<tr>\n<td width=\"99\"><\/td>\n<td width=\"147\"><\/td>\n<td width=\"255\"><\/td>\n<td width=\"198\"><\/td>\n<td width=\"151\"><\/td>\n<td width=\"189\"><\/td>\n<\/tr>\n<tr>\n<td width=\"99\"><\/td>\n<td width=\"147\"><\/td>\n<td width=\"255\"><\/td>\n<td width=\"198\"><\/td>\n<td width=\"151\"><\/td>\n<td width=\"189\"><\/td>\n<\/tr>\n<\/tbody>\n<\/table>\n<p>&nbsp;<\/p>\n","protected":false},"excerpt":{"rendered":"<p>&nbsp; Maire: Mr BRUN Jean-Louis Premier adjoint et Maire D\u00e9l\u00e9gu\u00e9 de Naussac: Mr GAILLARD Alain Deuxi\u00e8me adjoint:\u00a0Mr AJASSE Jean-Fran\u00e7ois Troisi\u00e8me adjoint:\u00a0Mr LAIR Didier Conseill\u00e8res et Conseillers Municipaux: Mme ARNAUD-PLAGNES St\u00e9phanie, Mme LAROCHE Isabelle, Mme MARTIN S\u00e9verine, Mme PAULHAC C\u00e9cile, Mme SANCHEZ \u00c9velyne, Mme SURREL Laurence, MR BACON Daniel, Mr CHAMBON Killian, Mr CHATEAUNEUF Patrice, Mr [&hellip;]<\/p>\n","protected":false},"author":1,"featured_media":0,"parent":0,"menu_order":0,"comment_status":"closed","ping_status":"closed","template":"","meta":{"footnotes":""},"_links":{"self":[{"href":"http:\/\/naussacfontanes.fr\/index.php\/wp-json\/wp\/v2\/pages\/63"}],"collection":[{"href":"http:\/\/naussacfontanes.fr\/index.php\/wp-json\/wp\/v2\/pages"}],"about":[{"href":"http:\/\/naussacfontanes.fr\/index.php\/wp-json\/wp\/v2\/types\/page"}],"author":[{"embeddable":true,"href":"http:\/\/naussacfontanes.fr\/index.php\/wp-json\/wp\/v2\/users\/1"}],"replies":[{"embeddable":true,"href":"http:\/\/naussacfontanes.fr\/index.php\/wp-json\/wp\/v2\/comments?post=63"}],"version-history":[{"count":14,"href":"http:\/\/naussacfontanes.fr\/index.php\/wp-json\/wp\/v2\/pages\/63\/revisions"}],"predecessor-version":[{"id":1563,"href":"http:\/\/naussacfontanes.fr\/index.php\/wp-json\/wp\/v2\/pages\/63\/revisions\/1563"}],"wp:attachment":[{"href":"http:\/\/naussacfontanes.fr\/index.php\/wp-json\/wp\/v2\/media?parent=63"}],"curies":[{"name":"wp","href":"https:\/\/api.w.org\/{rel}","templated":true}]}}